{"id":3872,"date":"2020-03-05T13:50:13","date_gmt":"2020-03-05T12:50:13","guid":{"rendered":"https:\/\/cipretfribourg.ch\/contact\/"},"modified":"2022-09-01T18:12:04","modified_gmt":"2022-09-01T16:12:04","slug":"kontakt","status":"publish","type":"page","link":"https:\/\/cipretfribourg.ch\/de\/kontakt\/","title":{"rendered":"Kontakt"},"content":{"rendered":"<p>[et_pb_section fb_built=&#8220;1&#8243; _builder_version=&#8220;4.16&#8243; background_color=&#8220;#f2f2f2&#8243; custom_margin=&#8220;35px|35px|0px|35px|false|true&#8220; custom_margin_tablet=&#8220;0px|20px|0px|20px|false|false&#8220; custom_margin_phone=&#8220;|10px||10px|false|true&#8220; custom_margin_last_edited=&#8220;on|tablet&#8220; custom_padding=&#8220;0px|0px|0px|0px|true|false&#8220; locked=&#8220;off&#8220; global_colors_info=&#8220;{}&#8220;][et_pb_row column_structure=&#8220;1_2,1_2&#8243; use_custom_gutter=&#8220;on&#8220; gutter_width=&#8220;1&#8243; make_equal=&#8220;on&#8220; _builder_version=&#8220;4.17.4&#8243; width=&#8220;100%&#8220; max_width=&#8220;100%&#8220; custom_padding=&#8220;0px||0px||true|false&#8220; animation_style=&#8220;fade&#8220; global_colors_info=&#8220;{}&#8220;][et_pb_column type=&#8220;1_2&#8243; _builder_version=&#8220;4.17.4&#8243; global_colors_info=&#8220;{}&#8220;][et_pb_text content_last_edited=&#8220;off|desktop&#8220; _builder_version=&#8220;4.17.4&#8243; text_font=&#8220;||||||||&#8220; link_text_color=&#8220;#EB8923&#8243; header_font=&#8220;Raleway|600|||||||&#8220; header_text_color=&#8220;gcid-7a36e6ad-0782-49b0-b44a-9cbd433a029a&#8220; header_font_size=&#8220;65px&#8220; header_line_height=&#8220;1.1em&#8220; header_2_font=&#8220;Raleway||||||||&#8220; header_2_text_color=&#8220;#EB8923&#8243; header_2_font_size=&#8220;35px&#8220; header_4_text_color=&#8220;#EB8923&#8243; width=&#8220;100%&#8220; width_tablet=&#8220;&#8220; width_phone=&#8220;100%&#8220; width_last_edited=&#8220;on|phone&#8220; module_alignment=&#8220;left&#8220; custom_margin=&#8220;||||false|false&#8220; custom_margin_tablet=&#8220;||0px||false|false&#8220; custom_margin_phone=&#8220;||||false|false&#8220; custom_margin_last_edited=&#8220;on|tablet&#8220; custom_padding=&#8220;5%|10%||10%|false|false&#8220; custom_padding_tablet=&#8220;5%||||false|false&#8220; custom_padding_phone=&#8220;&#8220; custom_padding_last_edited=&#8220;on|phone&#8220; animation_style=&#8220;fade&#8220; header_text_align_tablet=&#8220;&#8220; header_text_align_phone=&#8220;&#8220; header_text_align_last_edited=&#8220;on|phone&#8220; header_font_size_tablet=&#8220;40px&#8220; header_font_size_phone=&#8220;40px&#8220; header_font_size_last_edited=&#8220;on|phone&#8220; header_line_height_tablet=&#8220;1.1em&#8220; header_line_height_phone=&#8220;&#8220; header_line_height_last_edited=&#8220;on|tablet&#8220; header_2_font_size_tablet=&#8220;30px&#8220; header_2_font_size_phone=&#8220;25px&#8220; header_2_font_size_last_edited=&#8220;on|phone&#8220; global_colors_info=&#8220;{%22gcid-7a36e6ad-0782-49b0-b44a-9cbd433a029a%22:%91%22header_text_color%22%93}&#8220;]<\/p>\n<h1>Kontakt<\/h1>\n<p>[\/et_pb_text][et_pb_text content_last_edited=&#8220;off|desktop&#8220; _builder_version=&#8220;4.17.4&#8243; text_font=&#8220;||||||||&#8220; link_text_color=&#8220;#EB8923&#8243; header_font=&#8220;Raleway|600|||||||&#8220; header_text_color=&#8220;gcid-7a36e6ad-0782-49b0-b44a-9cbd433a029a&#8220; header_font_size=&#8220;65px&#8220; header_line_height=&#8220;1.1em&#8220; header_2_font=&#8220;Raleway||||||||&#8220; header_2_text_color=&#8220;gcid-262bdb9e-022d-4d8b-a224-12a24f642693&#8243; header_2_font_size=&#8220;35px&#8220; header_4_text_color=&#8220;#EB8923&#8243; width=&#8220;100%&#8220; width_tablet=&#8220;&#8220; width_phone=&#8220;100%&#8220; width_last_edited=&#8220;on|phone&#8220; module_alignment=&#8220;left&#8220; custom_margin=&#8220;||||false|false&#8220; custom_margin_tablet=&#8220;||0px||false|false&#8220; custom_margin_phone=&#8220;||||false|false&#8220; custom_margin_last_edited=&#8220;on|tablet&#8220; custom_padding=&#8220;5%|10%||10%|false|false&#8220; custom_padding_tablet=&#8220;5%||||false|false&#8220; custom_padding_phone=&#8220;&#8220; custom_padding_last_edited=&#8220;on|phone&#8220; animation_style=&#8220;fade&#8220; header_text_align_tablet=&#8220;&#8220; header_text_align_phone=&#8220;&#8220; header_text_align_last_edited=&#8220;on|phone&#8220; header_font_size_tablet=&#8220;40px&#8220; header_font_size_phone=&#8220;40px&#8220; header_font_size_last_edited=&#8220;on|phone&#8220; header_line_height_tablet=&#8220;1.1em&#8220; header_line_height_phone=&#8220;&#8220; header_line_height_last_edited=&#8220;on|tablet&#8220; header_2_font_size_tablet=&#8220;30px&#8220; header_2_font_size_phone=&#8220;25px&#8220; header_2_font_size_last_edited=&#8220;on|phone&#8220; global_colors_info=&#8220;{%22gcid-7a36e6ad-0782-49b0-b44a-9cbd433a029a%22:%91%22header_text_color%22%93,%22gcid-262bdb9e-022d-4d8b-a224-12a24f642693%22:%91%22header_2_text_color%22%93}&#8220;]<\/p>\n<h2>Adresse<\/h2>\n<p>[\/et_pb_text][et_pb_blurb use_icon=&#8220;on&#8220; font_icon=&#8220;&#xe081;||divi||400&#8243; icon_color=&#8220;gcid-7a36e6ad-0782-49b0-b44a-9cbd433a029a&#8220; icon_placement=&#8220;left&#8220; image_icon_width=&#8220;25px&#8220; _builder_version=&#8220;4.18.0&#8243; body_font_size=&#8220;18px&#8220; body_link_text_color=&#8220;gcid-7a36e6ad-0782-49b0-b44a-9cbd433a029a&#8220; body_link_font_size=&#8220;18px&#8220; custom_padding=&#8220;2%||||false|false&#8220; body_font_size_tablet=&#8220;18px&#8220; body_font_size_phone=&#8220;16px&#8220; body_font_size_last_edited=&#8220;on|desktop&#8220; body_link_font_size_tablet=&#8220;&#8220; body_link_font_size_phone=&#8220;16px&#8220; body_link_font_size_last_edited=&#8220;on|phone&#8220; icon_font_size=&#8220;25px&#8220; global_colors_info=&#8220;{%22gcid-7a36e6ad-0782-49b0-b44a-9cbd433a029a%22:%91%22icon_color%22,%22body_link_text_color%22%93,%22gcid-262bdb9e-022d-4d8b-a224-12a24f642693%22:%91%22body_link_text_color__hover%22%93}&#8220; body_link_text_color__hover_enabled=&#8220;on|hover&#8220; body_link_text_color__hover=&#8220;#981219&#8243;]<\/p>\n<p><a href=\"https:\/\/goo.gl\/maps\/vmTcgZYojRqU6ans9\">Rte St-Nicolas-de-Fl\u00fce 2<\/a><br \/>Postfach<br \/>1700 Freiburg<\/p>\n<p>[\/et_pb_blurb][et_pb_blurb use_icon=&#8220;on&#8220; font_icon=&#8220;&#xe090;||divi||400&#8243; icon_color=&#8220;gcid-7a36e6ad-0782-49b0-b44a-9cbd433a029a&#8220; icon_placement=&#8220;left&#8220; image_icon_width=&#8220;21px&#8220; _builder_version=&#8220;4.17.4&#8243; body_font_size=&#8220;18px&#8220; body_link_text_color=&#8220;gcid-7a36e6ad-0782-49b0-b44a-9cbd433a029a&#8220; body_link_font_size=&#8220;18px&#8220; body_font_size_tablet=&#8220;18px&#8220; body_font_size_phone=&#8220;16px&#8220; body_font_size_last_edited=&#8220;on|desktop&#8220; body_link_font_size_tablet=&#8220;&#8220; body_link_font_size_phone=&#8220;16px&#8220; body_link_font_size_last_edited=&#8220;on|phone&#8220; icon_font_size=&#8220;21px&#8220; global_colors_info=&#8220;{%22gcid-7a36e6ad-0782-49b0-b44a-9cbd433a029a%22:%91%22icon_color%22,%22body_link_text_color%22%93,%22gcid-262bdb9e-022d-4d8b-a224-12a24f642693%22:%91%22body_link_text_color__hover%22%93}&#8220; body_link_text_color__hover_enabled=&#8220;on|hover&#8220; body_link_text_color__hover=&#8220;#981219&#8243;]<\/p>\n<p>Tel. <a href=\"tel:0264255410\">026 425 54 10<\/a><\/p>\n<p>[\/et_pb_blurb][et_pb_blurb use_icon=&#8220;on&#8220; font_icon=&#8220;&#xf0e0;||fa||900&#8243; icon_color=&#8220;gcid-7a36e6ad-0782-49b0-b44a-9cbd433a029a&#8220; icon_placement=&#8220;left&#8220; image_icon_width=&#8220;21px&#8220; _builder_version=&#8220;4.17.4&#8243; body_font_size=&#8220;18px&#8220; body_link_text_color=&#8220;gcid-7a36e6ad-0782-49b0-b44a-9cbd433a029a&#8220; body_link_font_size=&#8220;18px&#8220; body_font_size_tablet=&#8220;18px&#8220; body_font_size_phone=&#8220;16px&#8220; body_font_size_last_edited=&#8220;on|desktop&#8220; body_link_font_size_tablet=&#8220;&#8220; body_link_font_size_phone=&#8220;16px&#8220; body_link_font_size_last_edited=&#8220;on|phone&#8220; icon_font_size=&#8220;21px&#8220; global_colors_info=&#8220;{%22gcid-7a36e6ad-0782-49b0-b44a-9cbd433a029a%22:%91%22icon_color%22,%22body_link_text_color%22%93,%22gcid-262bdb9e-022d-4d8b-a224-12a24f642693%22:%91%22body_link_text_color__hover%22%93}&#8220; body_link_text_color__hover_enabled=&#8220;on|hover&#8220; body_link_text_color__hover=&#8220;#981219&#8243;]<\/p>\n<p><a href=\"mai&#108;&#116;&#111;&#x3a;&#x69;&#x6e;&#x66;&#x6f;&#x40;cip&#114;&#101;&#116;&#102;&#x72;&#x69;&#x62;&#x6f;&#x75;&#x72;g&#46;c&#104;\">&#x69;n&#x66;&#111;&#64;&#x63;&#105;&#x70;&#114;e&#x74;&#102;&#x72;&#105;b&#x6f;&#117;&#x72;&#x67;&#46;&#x63;&#104;<\/a><\/p>\n<p>[\/et_pb_blurb][et_pb_text content_last_edited=&#8220;off|desktop&#8220; _builder_version=&#8220;4.18.0&#8243; text_font=&#8220;||||||||&#8220; link_text_color=&#8220;#EB8923&#8243; header_font=&#8220;Raleway|600|||||||&#8220; header_text_color=&#8220;gcid-7a36e6ad-0782-49b0-b44a-9cbd433a029a&#8220; header_font_size=&#8220;65px&#8220; header_line_height=&#8220;1.1em&#8220; header_2_font=&#8220;Raleway||||||||&#8220; header_2_text_color=&#8220;gcid-262bdb9e-022d-4d8b-a224-12a24f642693&#8243; header_2_font_size=&#8220;35px&#8220; header_4_text_color=&#8220;#EB8923&#8243; width=&#8220;100%&#8220; width_tablet=&#8220;&#8220; width_phone=&#8220;100%&#8220; width_last_edited=&#8220;on|phone&#8220; module_alignment=&#8220;left&#8220; custom_margin=&#8220;||||false|false&#8220; custom_margin_tablet=&#8220;||0px||false|false&#8220; custom_margin_phone=&#8220;||||false|false&#8220; custom_margin_last_edited=&#8220;on|tablet&#8220; custom_padding=&#8220;5%|10%||10%|false|false&#8220; custom_padding_tablet=&#8220;5%||||false|false&#8220; custom_padding_phone=&#8220;&#8220; custom_padding_last_edited=&#8220;on|phone&#8220; animation_style=&#8220;fade&#8220; header_text_align_tablet=&#8220;&#8220; header_text_align_phone=&#8220;&#8220; header_text_align_last_edited=&#8220;on|phone&#8220; header_font_size_tablet=&#8220;40px&#8220; header_font_size_phone=&#8220;40px&#8220; header_font_size_last_edited=&#8220;on|phone&#8220; header_line_height_tablet=&#8220;1.1em&#8220; header_line_height_phone=&#8220;&#8220; header_line_height_last_edited=&#8220;on|tablet&#8220; header_2_font_size_tablet=&#8220;30px&#8220; header_2_font_size_phone=&#8220;25px&#8220; header_2_font_size_last_edited=&#8220;on|phone&#8220; global_colors_info=&#8220;{%22gcid-7a36e6ad-0782-49b0-b44a-9cbd433a029a%22:%91%22header_text_color%22%93,%22gcid-262bdb9e-022d-4d8b-a224-12a24f642693%22:%91%22header_2_text_color%22%93}&#8220;]<\/p>\n<h2>\u00d6ffnungszeiten<\/h2>\n<p>[\/et_pb_text][et_pb_text _builder_version=&#8220;4.18.0&#8243; text_font=&#8220;Raleway||||||||&#8220; text_text_color=&#8220;#828180&#8243; text_font_size=&#8220;18px&#8220; text_line_height=&#8220;1.5em&#8220; link_text_color=&#8220;gcid-262bdb9e-022d-4d8b-a224-12a24f642693&#8243; ul_line_height=&#8220;1.5em&#8220; header_2_font=&#8220;Raleway|600|||||||&#8220; header_2_text_color=&#8220;#EB8923&#8243; header_2_font_size=&#8220;35px&#8220; header_3_font=&#8220;Raleway|600|||||||&#8220; header_3_text_color=&#8220;#828180&#8243; header_3_font_size=&#8220;28px&#8220; header_4_text_color=&#8220;#EB8923&#8243; custom_padding=&#8220;2%|10%|5%|10%|false|false&#8220; custom_padding_tablet=&#8220;5%||||false|false&#8220; custom_padding_phone=&#8220;&#8220; custom_padding_last_edited=&#8220;on|phone&#8220; animation_style=&#8220;fade&#8220; text_font_size_tablet=&#8220;18px&#8220; text_font_size_phone=&#8220;16px&#8220; text_font_size_last_edited=&#8220;on|phone&#8220; header_2_font_size_tablet=&#8220;30px&#8220; header_2_font_size_phone=&#8220;25px&#8220; header_2_font_size_last_edited=&#8220;on|phone&#8220; header_3_font_size_tablet=&#8220;30px&#8220; header_3_font_size_phone=&#8220;25px&#8220; header_3_font_size_last_edited=&#8220;on|phone&#8220; locked=&#8220;off&#8220; global_colors_info=&#8220;{%22gcid-262bdb9e-022d-4d8b-a224-12a24f642693%22:%91%22link_text_color%22%93}&#8220;]<\/p>\n<p><span style=\"color: #981219;\">Montag-Donnerstag<br \/><\/span>8.00 \u2013 12.00 Uhr \/ 13.30 \u2013 17.00 Uhr<\/p>\n<p><span style=\"color: #981219;\">Freitag<br \/><\/span>8.00 \u2013 12.00 Uhr \/ 13.30 \u2013 16.30 Uhr <\/p>\n<p>[\/et_pb_text][\/et_pb_column][et_pb_column type=&#8220;1_2&#8243; _builder_version=&#8220;4.17.4&#8243; custom_padding=&#8220;||||false|false&#8220; custom_css_main_element=&#8220;margin:auto;\t&#8220; global_colors_info=&#8220;{}&#8220;][et_pb_code _builder_version=&#8220;4.17.4&#8243; _module_preset=&#8220;default&#8220; global_colors_info=&#8220;{}&#8220;]<iframe src=\"https:\/\/www.google.com\/maps\/embed?pb=!1m18!1m12!1m3!1d2731.4784763254497!2d7.1474243162680775!3d46.794879979139374!2m3!1f0!2f0!3f0!3m2!1i1024!2i768!4f13.1!3m3!1m2!1s0x478e68d5be81b765%3A0x8fb7076962d2c2a!2sLigues%20de%20sant%C3%A9%20du%20canton%20de%20Fribourg%20%2F%20Gesundheitsligen%20des%20Kantons%20Freiburg!5e0!3m2!1sfr!2sca!4v1655753585975!5m2!1sfr!2sca\" width=\"100%\" height=\"675px\" style=\"border:0;\" allowfullscreen=\"\" loading=\"lazy\" referrerpolicy=\"no-referrer-when-downgrade\"><\/iframe>[\/et_pb_code][\/et_pb_column][\/et_pb_row][\/et_pb_section][et_pb_section fb_built=&#8220;1&#8243; _builder_version=&#8220;4.17.4&#8243; background_color=&#8220;RGBA(255,255,255,0)&#8220; custom_margin=&#8220;35px|35px|0px|35px|false|true&#8220; custom_margin_tablet=&#8220;20px|20px|0px|20px|false|false&#8220; custom_margin_phone=&#8220;|10px||10px|false|true&#8220; custom_margin_last_edited=&#8220;on|phone&#8220; custom_padding=&#8220;||||false|false&#8220; locked=&#8220;off&#8220; global_colors_info=&#8220;{}&#8220;][et_pb_row _builder_version=&#8220;4.16&#8243; custom_margin=&#8220;-40px|auto||auto||&#8220; custom_padding=&#8220;||0px||false|false&#8220; global_colors_info=&#8220;{}&#8220;][et_pb_column type=&#8220;4_4&#8243; _builder_version=&#8220;4.16&#8243; global_colors_info=&#8220;{}&#8220;][et_pb_text _builder_version=&#8220;4.18.0&#8243; text_font=&#8220;Raleway||||||||&#8220; text_text_color=&#8220;#828180&#8243; text_font_size=&#8220;18px&#8220; link_text_color=&#8220;#EB8923&#8243; header_2_font=&#8220;Raleway|600|||||||&#8220; header_2_text_color=&#8220;gcid-7a36e6ad-0782-49b0-b44a-9cbd433a029a&#8220; header_2_font_size=&#8220;35px&#8220; header_3_font=&#8220;Raleway|600|||||||&#8220; header_3_text_color=&#8220;#828180&#8243; header_3_font_size=&#8220;28px&#8220; header_4_text_color=&#8220;#EB8923&#8243; text_font_size_tablet=&#8220;18px&#8220; text_font_size_phone=&#8220;16px&#8220; text_font_size_last_edited=&#8220;on|phone&#8220; header_2_font_size_tablet=&#8220;30px&#8220; header_2_font_size_phone=&#8220;25px&#8220; header_2_font_size_last_edited=&#8220;on|phone&#8220; header_3_font_size_tablet=&#8220;30px&#8220; header_3_font_size_phone=&#8220;25px&#8220; header_3_font_size_last_edited=&#8220;on|phone&#8220; global_colors_info=&#8220;{%22gcid-7a36e6ad-0782-49b0-b44a-9cbd433a029a%22:%91%22header_2_text_color%22%93}&#8220; header_2_2_font_size_phone=&#8220;25px&#8220; header_3_2_font_size_phone=&#8220;25px&#8220; header_4_2_font_size_phone=&#8220;25px&#8220; header_5_2_font_size_phone=&#8220;25px&#8220; header_6_2_font_size_phone=&#8220;25px&#8220; header_2_2_font_size_tablet=&#8220;30px&#8220; header_3_2_font_size_tablet=&#8220;30px&#8220; header_4_2_font_size_tablet=&#8220;30px&#8220; header_5_2_font_size_tablet=&#8220;30px&#8220; header_6_2_font_size_tablet=&#8220;30px&#8220; header_2_2_font_size_last_edited=&#8220;on|phone&#8220; header_3_2_font_size_last_edited=&#8220;on|phone&#8220; header_4_2_font_size_last_edited=&#8220;on|phone&#8220; header_5_2_font_size_last_edited=&#8220;on|phone&#8220; header_6_2_font_size_last_edited=&#8220;on|phone&#8220;]<\/p>\n<h2>Erreichbarkeit<\/h2>\n<p>[\/et_pb_text][et_pb_text _builder_version=&#8220;4.18.0&#8243; text_font=&#8220;Raleway||||||||&#8220; text_text_color=&#8220;#828180&#8243; text_font_size=&#8220;18px&#8220; link_text_color=&#8220;#EB8923&#8243; ul_line_height=&#8220;1.5em&#8220; header_2_font=&#8220;Raleway|600|||||||&#8220; header_2_text_color=&#8220;#EB8923&#8243; header_2_font_size=&#8220;35px&#8220; header_3_font=&#8220;Raleway|600|||||||&#8220; header_3_text_color=&#8220;#828180&#8243; header_3_font_size=&#8220;28px&#8220; header_4_text_color=&#8220;#EB8923&#8243; hover_enabled=&#8220;0&#8243; text_font_size_tablet=&#8220;18px&#8220; text_font_size_phone=&#8220;16px&#8220; text_font_size_last_edited=&#8220;on|desktop&#8220; header_2_font_size_tablet=&#8220;30px&#8220; header_2_font_size_phone=&#8220;25px&#8220; header_2_font_size_last_edited=&#8220;on|phone&#8220; header_3_font_size_tablet=&#8220;30px&#8220; header_3_font_size_phone=&#8220;25px&#8220; header_3_font_size_last_edited=&#8220;on|phone&#8220; global_colors_info=&#8220;{}&#8220; sticky_enabled=&#8220;0&#8243;]<\/p>\n<p><span style=\"color: #981219;\"><b>Zu Fuss :<\/b><\/span><\/p>\n<ul>\n<li>Ungef\u00e4hr 15 Minuten vom Bahnhof<\/li>\n<\/ul>\n<p><strong><\/strong><\/p>\n<p><span style=\"color: #981219;\"><b>Mit dem Bus :<\/b><\/span><\/p>\n<ul>\n<li><span>Linie 7, Villars-sur-Gl\u00e2ne, Petit Moncor. Haltestelle Fribourg, Fonderie.<\/span><\/li>\n<ul><\/ul>\n<\/ul>\n<p><span style=\"color: #981219;\"><strong>Mit dem Auto :<\/strong><\/span><\/p>\n<ul>\n<li>A12, Ausfahrt Fribourg Sud, Richtung Marly.<\/li>\n<li>Einige Besucherparkpl\u00e4tze vor dem Geb\u00e4ude. Weitere Parkpl\u00e4tze mit Parkuhren an der Strasse.<\/li>\n<\/ul>\n<p>[\/et_pb_text][\/et_pb_column][\/et_pb_row][\/et_pb_section]<\/p>\n","protected":false},"excerpt":{"rendered":"<p>KontaktAdresseRte St-Nicolas-de-Fl\u00fce 2Postfach1700 FreiburgTel. 026 425 54 &#x31;&#x30;&#105;&#110;fo&#x40;&#x63;&#x69;&#112;re&#x74;&#x66;&#x72;&#105;&#98;o&#x75;&#x72;&#x67;&#46;&#99;h\u00d6ffnungszeitenMontag-Donnerstag8.00 \u2013 12.00 Uhr \/ 13.30 \u2013 17.00 Uhr Freitag8.00 \u2013 12.00 Uhr \/ 13.30 \u2013 16.30 Uhr ErreichbarkeitZu Fuss : Ungef\u00e4hr 15 Minuten vom Bahnhof Mit dem Bus : Linie 7, Villars-sur-Gl\u00e2ne, Petit Moncor. Haltestelle Fribourg, Fonderie. Mit dem Auto : A12, Ausfahrt Fribourg Sud, Richtung Marly. [&hellip;]<\/p>\n","protected":false},"author":2,"featured_media":0,"parent":0,"menu_order":0,"comment_status":"closed","ping_status":"closed","template":"","meta":{"_et_pb_use_builder":"on","_et_pb_old_content":"","_et_gb_content_width":"","inline_featured_image":false,"footnotes":""},"_links":{"self":[{"href":"https:\/\/cipretfribourg.ch\/de\/wp-json\/wp\/v2\/pages\/3872"}],"collection":[{"href":"https:\/\/cipretfribourg.ch\/de\/wp-json\/wp\/v2\/pages"}],"about":[{"href":"https:\/\/cipretfribourg.ch\/de\/wp-json\/wp\/v2\/types\/page"}],"author":[{"embeddable":true,"href":"https:\/\/cipretfribourg.ch\/de\/wp-json\/wp\/v2\/users\/2"}],"replies":[{"embeddable":true,"href":"https:\/\/cipretfribourg.ch\/de\/wp-json\/wp\/v2\/comments?post=3872"}],"version-history":[{"count":6,"href":"https:\/\/cipretfribourg.ch\/de\/wp-json\/wp\/v2\/pages\/3872\/revisions"}],"predecessor-version":[{"id":4035,"href":"https:\/\/cipretfribourg.ch\/de\/wp-json\/wp\/v2\/pages\/3872\/revisions\/4035"}],"wp:attachment":[{"href":"https:\/\/cipretfribourg.ch\/de\/wp-json\/wp\/v2\/media?parent=3872"}],"curies":[{"name":"wp","href":"https:\/\/api.w.org\/{rel}","templated":true}]}}