{"id":2041,"date":"2020-07-07T11:45:05","date_gmt":"2020-07-07T09:45:05","guid":{"rendered":"https:\/\/cipretfribourg.ch\/?page_id=2041"},"modified":"2020-10-19T16:22:20","modified_gmt":"2020-10-19T14:22:20","slug":"events-de","status":"publish","type":"page","link":"https:\/\/cipretfribourg.ch\/de\/events-de\/","title":{"rendered":"Events"},"content":{"rendered":"<p>[et_pb_section fb_built=&#8220;1&#8243; admin_label=&#8220;section&#8220; _builder_version=&#8220;3.29.3&#8243; custom_margin=&#8220;0px||0px||false|false&#8220; custom_padding=&#8220;0px||0px||false|false&#8220; locked=&#8220;off&#8220;][et_pb_row _builder_version=&#8220;4.3.2&#8243; custom_padding=&#8220;||||false|false&#8220;][et_pb_column type=&#8220;4_4&#8243; _builder_version=&#8220;3.29.3&#8243;][et_pb_text content_last_edited=&#8220;off|desktop&#8220; _builder_version=&#8220;4.5.6&#8243; text_font=&#8220;||||||||&#8220; header_font=&#8220;Raleway|600|||||||&#8220; header_text_color=&#8220;#f0ae00&#8243; header_font_size=&#8220;65px&#8220; header_line_height=&#8220;1.1em&#8220; header_2_font=&#8220;Raleway||||||||&#8220; header_2_font_size=&#8220;35px&#8220; width=&#8220;100%&#8220; width_tablet=&#8220;&#8220; width_phone=&#8220;100%&#8220; width_last_edited=&#8220;on|phone&#8220; module_alignment=&#8220;left&#8220; custom_margin=&#8220;||||false|false&#8220; custom_margin_tablet=&#8220;||0px||false|false&#8220; custom_margin_phone=&#8220;||||false|false&#8220; custom_margin_last_edited=&#8220;on|tablet&#8220; custom_padding=&#8220;5%||||false|false&#8220; custom_padding_tablet=&#8220;5%||||false|false&#8220; custom_padding_phone=&#8220;&#8220; custom_padding_last_edited=&#8220;on|desktop&#8220; animation_style=&#8220;fade&#8220; hover_enabled=&#8220;0&#8243; header_text_align_tablet=&#8220;&#8220; header_text_align_phone=&#8220;&#8220; header_text_align_last_edited=&#8220;on|phone&#8220; header_font_size_tablet=&#8220;40px&#8220; header_font_size_phone=&#8220;40px&#8220; header_font_size_last_edited=&#8220;on|phone&#8220; header_line_height_tablet=&#8220;1.1em&#8220; header_line_height_phone=&#8220;&#8220; header_line_height_last_edited=&#8220;on|tablet&#8220; header_2_font_size_tablet=&#8220;30px&#8220; header_2_font_size_phone=&#8220;25px&#8220; header_2_font_size_last_edited=&#8220;on|phone&#8220;]<\/p>\n<h1>Events<\/h1>\n<p>[\/et_pb_text][et_pb_text _builder_version=&#8220;4.5.6&#8243; text_font=&#8220;Raleway||||||||&#8220; text_text_color=&#8220;#828180&#8243; text_font_size=&#8220;23px&#8220; text_line_height=&#8220;1.8em&#8220; header_2_font=&#8220;Raleway|700|||||||&#8220; header_2_font_size=&#8220;35px&#8220; custom_margin=&#8220;30px||30px||true|false&#8220; hover_enabled=&#8220;0&#8243; text_font_size_tablet=&#8220;20px&#8220; text_font_size_phone=&#8220;&#8220; text_font_size_last_edited=&#8220;on|phone&#8220; header_2_font_size_tablet=&#8220;30px&#8220; header_2_font_size_phone=&#8220;25px&#8220; header_2_font_size_last_edited=&#8220;on|phone&#8220;]<\/p>\n<p>Suchen Sie nach einer geeigneten M\u00f6glichkeit, k\u00f6rperlich aktiv zu sein? Hier sind ein paar Ideen f\u00fcr Sie! Auf dieser Seite k\u00f6nnen Sie unsere Kurse, aber auch Aktivit\u00e4ten entdecken, die von sorgf\u00e4ltig ausgew\u00e4hlten Anbietern zum Thema k\u00f6rperliche Bewegung angeboten werden.<\/p>\n<p>[\/et_pb_text][\/et_pb_column][\/et_pb_row][\/et_pb_section][et_pb_section fb_built=&#8220;1&#8243; _builder_version=&#8220;4.3.2&#8243; background_color=&#8220;#f2f2f2&#8243; background_color_gradient_direction=&#8220;130deg&#8220; background_enable_image=&#8220;off&#8220; background_blend=&#8220;hard-light&#8220; custom_margin=&#8220;35px|35px|35px|35px|true|true&#8220; custom_margin_tablet=&#8220;20px|20px|20px|20px|false|false&#8220; custom_margin_phone=&#8220;|10px||10px|false|true&#8220; custom_margin_last_edited=&#8220;on|tablet&#8220; locked=&#8220;off&#8220;][et_pb_row _builder_version=&#8220;4.3.2&#8243;][et_pb_column type=&#8220;4_4&#8243; _builder_version=&#8220;4.3.2&#8243;][et_pb_code _builder_version=&#8220;4.4.7&#8243; animation_style=&#8220;fade&#8220;][MEC id=&#8220;864&#8243;][\/et_pb_code][\/et_pb_column][\/et_pb_row][\/et_pb_section]<\/p>\n","protected":false},"excerpt":{"rendered":"<p>Events Suchen Sie nach einer geeigneten M\u00f6glichkeit, k\u00f6rperlich aktiv zu sein? Hier sind ein paar Ideen f\u00fcr Sie! Auf dieser Seite k\u00f6nnen Sie unsere Kurse, aber auch Aktivit\u00e4ten entdecken, die von sorgf\u00e4ltig ausgew\u00e4hlten Anbietern zum Thema k\u00f6rperliche Bewegung angeboten werden. [MEC id=&#8220;864&#8243;]<\/p>\n","protected":false},"author":1,"featured_media":0,"parent":0,"menu_order":0,"comment_status":"closed","ping_status":"closed","template":"","meta":{"_et_pb_use_builder":"on","_et_pb_old_content":"","_et_gb_content_width":"","inline_featured_image":false,"footnotes":""},"_links":{"self":[{"href":"https:\/\/cipretfribourg.ch\/de\/wp-json\/wp\/v2\/pages\/2041"}],"collection":[{"href":"https:\/\/cipretfribourg.ch\/de\/wp-json\/wp\/v2\/pages"}],"about":[{"href":"https:\/\/cipretfribourg.ch\/de\/wp-json\/wp\/v2\/types\/page"}],"author":[{"embeddable":true,"href":"https:\/\/cipretfribourg.ch\/de\/wp-json\/wp\/v2\/users\/1"}],"replies":[{"embeddable":true,"href":"https:\/\/cipretfribourg.ch\/de\/wp-json\/wp\/v2\/comments?post=2041"}],"version-history":[{"count":6,"href":"https:\/\/cipretfribourg.ch\/de\/wp-json\/wp\/v2\/pages\/2041\/revisions"}],"predecessor-version":[{"id":2393,"href":"https:\/\/cipretfribourg.ch\/de\/wp-json\/wp\/v2\/pages\/2041\/revisions\/2393"}],"wp:attachment":[{"href":"https:\/\/cipretfribourg.ch\/de\/wp-json\/wp\/v2\/media?parent=2041"}],"curies":[{"name":"wp","href":"https:\/\/api.w.org\/{rel}","templated":true}]}}